{"id":2,"date":"2016-05-10T03:48:21","date_gmt":"2016-05-10T03:48:21","guid":{"rendered":"http:\/\/zt-kopinits.at\/?page_id=2"},"modified":"2021-10-29T13:52:28","modified_gmt":"2021-10-29T13:52:28","slug":"sample-page","status":"publish","type":"page","link":"http:\/\/zt-kopinits.at\/","title":{"rendered":"Startseite"},"content":{"rendered":"<p>Wir sind ein Ziviltechnikerb\u00fcro mit einem erfahrenen Team.<\/p>\n<p>Unsere Schwerpunkte sind statisch-konstruktive T\u00e4tigkeiten im Hochbau und der Bereich Bauphysik.<\/p>\n<p>Wir achten besonders auf qualitativ hochwertige Arbeit und auf Zuverl\u00e4ssigkeit.<\/p>\n\n\n<p><\/p>\n","protected":false},"excerpt":{"rendered":"<p>Wir sind ein Ziviltechnikerb\u00fcro mit einem erfahrenen Team. Unsere Schwerpunkte sind statisch-konstruktive T\u00e4tigkeiten im Hochbau und der Bereich Bauphysik. Wir achten besonders auf qualitativ hochwertige Arbeit und auf Zuverl\u00e4ssigkeit.<\/p>\n","protected":false},"author":1,"featured_media":0,"parent":0,"menu_order":0,"comment_status":"closed","ping_status":"open","template":"","meta":[],"_links":{"self":[{"href":"http:\/\/zt-kopinits.at\/index.php?rest_route=\/wp\/v2\/pages\/2"}],"collection":[{"href":"http:\/\/zt-kopinits.at\/index.php?rest_route=\/wp\/v2\/pages"}],"about":[{"href":"http:\/\/zt-kopinits.at\/index.php?rest_route=\/wp\/v2\/types\/page"}],"author":[{"embeddable":true,"href":"http:\/\/zt-kopinits.at\/index.php?rest_route=\/wp\/v2\/users\/1"}],"replies":[{"embeddable":true,"href":"http:\/\/zt-kopinits.at\/index.php?rest_route=%2Fwp%2Fv2%2Fcomments&post=2"}],"version-history":[{"count":2,"href":"http:\/\/zt-kopinits.at\/index.php?rest_route=\/wp\/v2\/pages\/2\/revisions"}],"predecessor-version":[{"id":33,"href":"http:\/\/zt-kopinits.at\/index.php?rest_route=\/wp\/v2\/pages\/2\/revisions\/33"}],"wp:attachment":[{"href":"http:\/\/zt-kopinits.at\/index.php?rest_route=%2Fwp%2Fv2%2Fmedia&parent=2"}],"curies":[{"name":"wp","href":"https:\/\/api.w.org\/{rel}","templated":true}]}}