{"id":23,"date":"2021-10-29T13:46:13","date_gmt":"2021-10-29T13:46:13","guid":{"rendered":"http:\/\/zt-kopinits.at\/?page_id=23"},"modified":"2021-10-29T13:46:13","modified_gmt":"2021-10-29T13:46:13","slug":"impressum-datenschutz","status":"publish","type":"page","link":"http:\/\/zt-kopinits.at\/?page_id=23","title":{"rendered":"Impressum &#038; Datenschutz"},"content":{"rendered":"\n<h3><strong>Ingenieurkonsulent f\u00fcr Bauingenieurwesen<\/strong><br><em><strong>Dipl.-Ing. Franz Kopinits<\/strong><\/em><\/h3>\n\n\n\n<p>Schulgasse 21a<br>2443 Leithaprodersdorf<\/p>\n\n\n\n<p><\/p>\n\n\n\n<p><strong>Telefon:<\/strong><br>0664 \/ 889 09 054 oder<br>0664 \/ 889 09 055<\/p>\n\n\n\n<p><\/p>\n\n\n\n<p><strong>Fax:<\/strong><br>02255 \/ 62520<\/p>\n\n\n\n<p><\/p>\n\n\n\n<p><strong>e-Mail:\u00a0<\/strong><br><a href=\"mailto:office@zt-kopinits.at\">office@zt-kopinits.at<\/a><\/p>\n\n\n\n<p><\/p>\n\n\n\n<p><\/p>\n\n\n\n<h3>Datenschutz<\/h3>\n\n\n\n<p><em>Diese Website benutzt Google Analytics, einen Webanalysedienst der Google Inc. (\u201eGoogle\u201c). Google Analytics verwendet sog. \u201eCookies\u201c, Textdateien, die auf Ihrem Computer gespeichert werden und die eine Analyse der Benutzung der Website durch Sie erm\u00f6glichen. Die durch das Cookie erzeugten Informationen \u00fcber Ihre Benutzung dieser Website werden in der Regel an einen Server von Google in den USA \u00fcbertragen und dort gespeichert. Im Falle der Aktivierung der IP-Anonymisierung auf dieser Website, wird Ihre IP-Adresse von Google jedoch innerhalb von Mitgliedstaaten der Europ\u00e4ischen Union oder in anderen Vertragsstaaten des Abkommens \u00fcber den Europ\u00e4ischen Wirtschaftsraum zuvor gek\u00fcrzt. Nur in Ausnahmef\u00e4llen wird die volle IP-Adresse an einen Server von Google in den USA \u00fcbertragen und dort gek\u00fcrzt. Im Auftrag des Betreibers dieser Website wird Google diese Informationen benutzen, um Ihre Nutzung der Website auszuwerten, um Reports \u00fcber die Websiteaktivit\u00e4ten zusammenzustellen und um weitere mit der Websitenutzung und der Internetnutzung verbundene Dienstleistungen gegen\u00fcber dem Websitebetreiber zu erbringen. Die im Rahmen von Google Analytics von Ihrem Browser \u00fcbermittelte IP-Adresse wird nicht mit anderen Daten von Google zusammengef\u00fchrt. Sie k\u00f6nnen die Speicherung der Cookies durch eine entsprechende Einstellung Ihrer Browser-Software verhindern; wir weisen Sie jedoch darauf hin, dass Sie in diesem Fall gegebenenfalls nicht s\u00e4mtliche Funktionen dieser Website vollumf\u00e4nglich werden nutzen k\u00f6nnen. Sie k\u00f6nnen dar\u00fcber hinaus die Erfassung der durch das Cookie erzeugten und auf Ihre Nutzung der Website bezogenen Daten (inkl. Ihrer IP-Adresse) an Google sowie die Verarbeitung dieser Daten durch Google verhindern, indem Sie das unter dem folgenden Link (<a href=\"http:\/\/tools.google.com\/dlpage\/gaoptout?hl=de\">http:\/\/tools.google.com\/dlpage\/gaoptout?hl=de<\/a>) verf\u00fcgbare Browser-Plugin herunterladen und installieren.<\/em><\/p>\n\n\n\n<p><em>N\u00e4here Informationen zu Nutzungsbedingungen und Datenschutz finden Sie unter<\/em><em>&nbsp;<\/em><em><a href=\"http:\/\/www.google.com\/analytics\/terms\/de.html\">http:\/\/www.google.com\/analytics\/terms\/de.html<\/a>&nbsp;<\/em><em>bzw. unter&nbsp;<a href=\"https:\/\/www.google.de\/intl\/de\/policies\/\">https:\/\/www.google.de\/intl\/de\/policies\/<\/a>. Wir weisen Sie darauf hin, dass auf dieser Website Google Analytics um den Code \u201egat._anonymizeIp();\u201c erweitert wurde, um eine anonymisierte Erfassung von IP-Adressen (sog. IP-Masking) zu gew\u00e4hrleisten.<\/em><\/p>\n","protected":false},"excerpt":{"rendered":"<p>Ingenieurkonsulent f\u00fcr BauingenieurwesenDipl.-Ing. Franz Kopinits Schulgasse 21a2443 Leithaprodersdorf Telefon:0664 \/ 889 09 054 oder0664 \/ 889 09 055 Fax:02255 \/ 62520 e-Mail:\u00a0office@zt-kopinits.at Datenschutz Diese Website benutzt Google Analytics, einen Webanalysedienst der Google Inc. (\u201eGoogle\u201c). Google Analytics verwendet sog. \u201eCookies\u201c, Textdateien, die auf Ihrem Computer gespeichert werden und die eine Analyse der Benutzung der Website durch &hellip; <\/p>\n<p class=\"link-more\"><a href=\"http:\/\/zt-kopinits.at\/?page_id=23\" class=\"more-link\"><span class=\"screen-reader-text\">\u201eImpressum &#038; Datenschutz\u201c<\/span> weiterlesen<\/a><\/p>\n","protected":false},"author":1,"featured_media":0,"parent":0,"menu_order":0,"comment_status":"closed","ping_status":"closed","template":"","meta":[],"_links":{"self":[{"href":"http:\/\/zt-kopinits.at\/index.php?rest_route=\/wp\/v2\/pages\/23"}],"collection":[{"href":"http:\/\/zt-kopinits.at\/index.php?rest_route=\/wp\/v2\/pages"}],"about":[{"href":"http:\/\/zt-kopinits.at\/index.php?rest_route=\/wp\/v2\/types\/page"}],"author":[{"embeddable":true,"href":"http:\/\/zt-kopinits.at\/index.php?rest_route=\/wp\/v2\/users\/1"}],"replies":[{"embeddable":true,"href":"http:\/\/zt-kopinits.at\/index.php?rest_route=%2Fwp%2Fv2%2Fcomments&post=23"}],"version-history":[{"count":1,"href":"http:\/\/zt-kopinits.at\/index.php?rest_route=\/wp\/v2\/pages\/23\/revisions"}],"predecessor-version":[{"id":24,"href":"http:\/\/zt-kopinits.at\/index.php?rest_route=\/wp\/v2\/pages\/23\/revisions\/24"}],"wp:attachment":[{"href":"http:\/\/zt-kopinits.at\/index.php?rest_route=%2Fwp%2Fv2%2Fmedia&parent=23"}],"curies":[{"name":"wp","href":"https:\/\/api.w.org\/{rel}","templated":true}]}}